{"id":6094,"date":"2025-05-08T12:52:04","date_gmt":"2025-05-08T12:52:04","guid":{"rendered":"https:\/\/icofprogram.org\/?page_id=6094"},"modified":"2025-05-09T21:19:58","modified_gmt":"2025-05-09T21:19:58","slug":"vision-mission-and-objectives","status":"publish","type":"page","link":"https:\/\/icofprogram.org\/fr\/vision-mission-and-objectives\/","title":{"rendered":"Vision, Mission, and Objectives"},"content":{"rendered":"<h3 class=\"wp-block-heading has-text-align-center\"><strong>Vision<\/strong><\/h3>\n\n\n\n<p>Pr\u00eatres int\u00e9gr\u00e9s, religieux et autres agents pastoraux en Afrique donnant un t\u00e9moignage joyeux de l'\u00c9vangile dans leur vie personnelle, spirituelle et pastorale.<br><\/p>\n\n\n\n<h3 class=\"wp-block-heading has-text-align-center\"><strong>Mission<\/strong><\/h3>\n\n\n\n<p>Offrir aux pr\u00eatres, religieux, religieuses et autres agents pastoraux en Afrique l'opportunit\u00e9, l'espace et le temps pour un renouveau personnel en vue d'un meilleur service de l'\u00c9vangile dans la r\u00e9alit\u00e9 concr\u00e8te de l'Afrique d'aujourd'hui.<\/p>\n\n\n\n<h3 class=\"wp-block-heading has-text-align-center\"><strong>Objectifs<\/strong><\/h3>\n\n\n\n<ol start=\"1\" class=\"wp-block-list\">\n<li>Offrir un espace et un temps de r\u00e9flexion sur ses exp\u00e9riences v\u00e9cues et pour les int\u00e9grer.<\/li>\n\n\n\n<li>Fournir l'occasion d'identifier ses points forts et ses domaines de croissance personnelle, ainsi que les comp\u00e9tences n\u00e9cessaires pour y faire face.<\/li>\n\n\n\n<li>D\u00e9velopper et approfondir les comp\u00e9tences pastorales.<\/li>\n\n\n\n<li>Mise \u00e0 jour sur les id\u00e9es courantes de la mission, en particulier dans le contexte de l'Afrique, et sur les documents magist\u00e9riels les plus r\u00e9cents.<\/li>\n<\/ol>","protected":false},"excerpt":{"rendered":"<p>Vision Integrated priests, religious, and other pastoral agents in Africa giving joyful gospel witness in their personal, spiritual and pastoral lives. Mission To provide Catholic priests, religious, and other pastoral agents in Africa with opportunity, space and time for personal renewal with a view of better service of the Gospel in the concrete reality of [&hellip;]<\/p>","protected":false},"author":1,"featured_media":0,"parent":0,"menu_order":0,"comment_status":"closed","ping_status":"closed","template":"","meta":{"om_disable_all_campaigns":false,"_monsterinsights_skip_tracking":false,"_monsterinsights_sitenote_active":false,"_monsterinsights_sitenote_note":"","_monsterinsights_sitenote_category":0,"footnotes":""},"class_list":["post-6094","page","type-page","status-publish","hentry"],"aioseo_notices":[],"_links":{"self":[{"href":"https:\/\/icofprogram.org\/fr\/wp-json\/wp\/v2\/pages\/6094","targetHints":{"allow":["GET"]}}],"collection":[{"href":"https:\/\/icofprogram.org\/fr\/wp-json\/wp\/v2\/pages"}],"about":[{"href":"https:\/\/icofprogram.org\/fr\/wp-json\/wp\/v2\/types\/page"}],"author":[{"embeddable":true,"href":"https:\/\/icofprogram.org\/fr\/wp-json\/wp\/v2\/users\/1"}],"replies":[{"embeddable":true,"href":"https:\/\/icofprogram.org\/fr\/wp-json\/wp\/v2\/comments?post=6094"}],"version-history":[{"count":4,"href":"https:\/\/icofprogram.org\/fr\/wp-json\/wp\/v2\/pages\/6094\/revisions"}],"predecessor-version":[{"id":6152,"href":"https:\/\/icofprogram.org\/fr\/wp-json\/wp\/v2\/pages\/6094\/revisions\/6152"}],"wp:attachment":[{"href":"https:\/\/icofprogram.org\/fr\/wp-json\/wp\/v2\/media?parent=6094"}],"curies":[{"name":"wp","href":"https:\/\/api.w.org\/{rel}","templated":true}]}}