{"id":6092,"date":"2025-05-08T12:47:44","date_gmt":"2025-05-08T12:47:44","guid":{"rendered":"https:\/\/icofprogram.org\/?page_id=6092"},"modified":"2025-05-08T12:47:46","modified_gmt":"2025-05-08T12:47:46","slug":"why-icof","status":"publish","type":"page","link":"https:\/\/icofprogram.org\/fr\/why-icof\/","title":{"rendered":"Pourquoi ICOF"},"content":{"rendered":"<h2 class=\"wp-block-heading has-text-align-center\">Pourquoi ICOF<\/h2>\n\n\n\n<p>Le Programme de Formation Continue Inter-Congr\u00e9gationnelle (ICOF) a \u00e9t\u00e9 lanc\u00e9 par l'Union des Conseils G\u00e9n\u00e9raux de quatre Congr\u00e9gations Missionnaires \u0153uvrant en Afrique, \u00e0 savoir\u00a0: la Congr\u00e9gation du Saint-Esprit (P\u00e8res Spiritains), les Missionnaires d'Afrique (P\u00e8res Blancs), les S\u0153urs Missionnaires Notre-Dame d'Afrique (SMNDA) et la Soci\u00e9t\u00e9 des Missions Africaines (SMA).<\/p>\n\n\n\n<p>Lors de leur r\u00e9union de d\u00e9cembre\u00a02014, une pr\u00e9occupation commune a \u00e9t\u00e9 exprim\u00e9e par tous les membres\u00a0: de nombreux pr\u00eatres et religieux en Afrique ont besoin de formation continue, mais n'y ont pas acc\u00e8s. La solution a \u00e9t\u00e9 d'envoyer des membres en Europe ou en Am\u00e9rique. Mais cette solution pr\u00e9sente des inconv\u00e9nients\u00a0: elle est tr\u00e8s co\u00fbteuse\u00a0; les visas sont de plus en plus difficiles \u00e0 obtenir\u00a0; et la formation \u00e0 l'\u00e9tranger n'est pas toujours adapt\u00e9e aux r\u00e9alit\u00e9s africaines. Ils ont \u00e9galement constat\u00e9 qu'aujourd'hui, en Afrique, de plus en plus de personnes sont suffisamment form\u00e9es pour assurer la formation continue de leurs confr\u00e8res pr\u00eatres et religieux, mais manquent de plateformes pour le faire. Ils finissent par s'en tenir \u00e0 leurs dipl\u00f4mes et ne pas les exploiter au maximum.<\/p>\n\n\n\n<p>Cette union a cr\u00e9\u00e9 le Programme de Formation Continue Inter-Congr\u00e9gationnelle (ICOF), dont l'objectif principal est d'offrir des opportunit\u00e9s de formation continue en Afrique aux pr\u00eatres et aux religieux, tant de ses membres que des membres des \u00e9glises locales (dioc\u00e8ses, congr\u00e9gations locales et autres congr\u00e9gations). La formation continue est ax\u00e9e sur le renouvellement des participants. Ce renouvellement est holistique, incluant les aspects spirituels, humains, pastoraux et acad\u00e9miques de la personne.<\/p>\n\n\n\n<p>\"Joyeux Service d'\u00c9vangile\" est le premier programme propos\u00e9 par l'ICOF. D'autres programmes comprendront, entre autres, un renouvellement sabbatique de six mois, le leadership et la gestion des missions et institutions catholiques, les comp\u00e9tences en conseil pastoral, la vie communautaire et le travail en \u00e9quipe, des mises \u00e0 jour th\u00e9ologiques et bibliques, la sensibilisation aux traumatismes et leur gestion.<\/p>","protected":false},"excerpt":{"rendered":"<p>Why ICOF The Inter-Congregational Ongoing Formation (ICOF) Program has been initiated by the&nbsp; Union of General Councils of&nbsp;four Missionary Congregations working in Africa, namely: the Congregation of the Holy Spirit (Spiritan Fathers), the Missionaries of Africa (White fathers), and the Missionary Sisters Our Lady of Africa (MSOLA), and the Society of African Missions (SMA). In [&hellip;]<\/p>","protected":false},"author":1,"featured_media":0,"parent":0,"menu_order":0,"comment_status":"closed","ping_status":"closed","template":"","meta":{"om_disable_all_campaigns":false,"_monsterinsights_skip_tracking":false,"_monsterinsights_sitenote_active":false,"_monsterinsights_sitenote_note":"","_monsterinsights_sitenote_category":0,"footnotes":""},"class_list":["post-6092","page","type-page","status-publish","hentry"],"aioseo_notices":[],"_links":{"self":[{"href":"https:\/\/icofprogram.org\/fr\/wp-json\/wp\/v2\/pages\/6092","targetHints":{"allow":["GET"]}}],"collection":[{"href":"https:\/\/icofprogram.org\/fr\/wp-json\/wp\/v2\/pages"}],"about":[{"href":"https:\/\/icofprogram.org\/fr\/wp-json\/wp\/v2\/types\/page"}],"author":[{"embeddable":true,"href":"https:\/\/icofprogram.org\/fr\/wp-json\/wp\/v2\/users\/1"}],"replies":[{"embeddable":true,"href":"https:\/\/icofprogram.org\/fr\/wp-json\/wp\/v2\/comments?post=6092"}],"version-history":[{"count":1,"href":"https:\/\/icofprogram.org\/fr\/wp-json\/wp\/v2\/pages\/6092\/revisions"}],"predecessor-version":[{"id":6093,"href":"https:\/\/icofprogram.org\/fr\/wp-json\/wp\/v2\/pages\/6092\/revisions\/6093"}],"wp:attachment":[{"href":"https:\/\/icofprogram.org\/fr\/wp-json\/wp\/v2\/media?parent=6092"}],"curies":[{"name":"wp","href":"https:\/\/api.w.org\/{rel}","templated":true}]}}