{"id":6038,"date":"2025-05-08T08:43:16","date_gmt":"2025-05-08T08:43:16","guid":{"rendered":"https:\/\/bkp2icof.smainternational.site\/?page_id=6038"},"modified":"2025-05-08T10:53:06","modified_gmt":"2025-05-08T10:53:06","slug":"blog-posts","status":"publish","type":"page","link":"https:\/\/icofprogram.org\/fr\/blog-posts\/","title":{"rendered":"Blog Posts"},"content":{"rendered":"<h2 class=\"wp-block-heading alignfull has-text-align-center has-background-color has-text-color has-background has-link-color wp-elements-ad8bcf7568148ec02a423b8fb58b9039\" style=\"border-style:none;border-width:0px;background-color:#66412b;padding-top:var(--wp--preset--spacing--20);padding-right:0;padding-bottom:var(--wp--preset--spacing--20);padding-left:0\">Articles<\/h2>\n\n\n\n<div class=\"wp-block-columns alignfull is-layout-flex wp-container-core-columns-is-layout-bbf6143c wp-block-columns-is-layout-flex\" style=\"padding-top:var(--wp--preset--spacing--30);padding-right:var(--wp--preset--spacing--30);padding-bottom:var(--wp--preset--spacing--30);padding-left:var(--wp--preset--spacing--30)\">\n<div class=\"wp-block-column is-layout-flow wp-block-column-is-layout-flow\" style=\"flex-basis:66.66%\">\n<div class=\"wp-block-query alignwide is-layout-flow wp-block-query-is-layout-flow\"><ul class=\"wp-block-post-template is-layout-flow wp-block-post-template-is-layout-flow\"><li class=\"wp-block-post post-6179 post type-post status-publish format-standard hentry category-uncategorized\">\n\n<div class=\"wp-block-columns alignwide is-layout-flex wp-container-core-columns-is-layout-28f84493 wp-block-columns-is-layout-flex\">\n<div class=\"wp-block-column is-layout-flow wp-block-column-is-layout-flow\" style=\"flex-basis:66.66%\"><\/div>\n\n\n\n<div class=\"wp-block-column is-layout-flow wp-block-column-is-layout-flow\" style=\"flex-basis:33.33%\"><h2 class=\"wp-block-post-title has-medium-font-size\"><a href=\"https:\/\/icofprogram.org\/fr\/importance-of-ongoing-formation\/\" target=\"_blank\" >IMPORTANCE OF ONGOING FORMATION<\/a><\/h2>\n\n<div class=\"wp-block-post-excerpt\"><p class=\"wp-block-post-excerpt__excerpt\">Priesthood and religious life need continuous updating, recreating, renewing and reawakening in order to remain current and effective. Ongoing formation in the Church is a continuous process of human, spiritual, intellectual, and pastoral growth for clergy and religious, aiming to deepen their faith, enhance their ministry, and foster a more vibrant and relevant Church. Having\u2026 <\/p><\/div><\/div>\n<\/div>\n\n<\/li><li class=\"wp-block-post post-4298 post type-post status-publish format-standard has-post-thumbnail hentry category-blog\">\n\n<div class=\"wp-block-columns alignwide is-layout-flex wp-container-core-columns-is-layout-28f84493 wp-block-columns-is-layout-flex\">\n<div class=\"wp-block-column is-layout-flow wp-block-column-is-layout-flow\" style=\"flex-basis:66.66%\"><figure class=\"wp-block-post-featured-image\"><a href=\"https:\/\/icofprogram.org\/fr\/vivre-en-communaute-et-travailler-en-equipe-4\/\" target=\"_self\"  ><img loading=\"lazy\" decoding=\"async\" width=\"300\" height=\"188\" src=\"https:\/\/icofprogram.org\/wp-content\/uploads\/2018\/05\/Blog-Corporate-One-Day-Team-Outing-and-team-building-300x188.jpg\" class=\"attachment-medium size-medium wp-post-image\" alt=\"Vivre en communaut\u00e9 et travailler en \u00e9quipe.\" style=\"object-fit:cover;\" srcset=\"https:\/\/icofprogram.org\/wp-content\/uploads\/2018\/05\/Blog-Corporate-One-Day-Team-Outing-and-team-building-300x188.jpg 300w, https:\/\/icofprogram.org\/wp-content\/uploads\/2018\/05\/Blog-Corporate-One-Day-Team-Outing-and-team-building-1024x640.jpg 1024w, https:\/\/icofprogram.org\/wp-content\/uploads\/2018\/05\/Blog-Corporate-One-Day-Team-Outing-and-team-building-768x480.jpg 768w, https:\/\/icofprogram.org\/wp-content\/uploads\/2018\/05\/Blog-Corporate-One-Day-Team-Outing-and-team-building-1536x960.jpg 1536w, https:\/\/icofprogram.org\/wp-content\/uploads\/2018\/05\/Blog-Corporate-One-Day-Team-Outing-and-team-building.jpg 1600w\" sizes=\"auto, (max-width: 300px) 100vw, 300px\" \/><\/a><\/figure><\/div>\n\n\n\n<div class=\"wp-block-column is-layout-flow wp-block-column-is-layout-flow\" style=\"flex-basis:33.33%\"><h2 class=\"wp-block-post-title has-medium-font-size\"><a href=\"https:\/\/icofprogram.org\/fr\/vivre-en-communaute-et-travailler-en-equipe-4\/\" target=\"_blank\" >Vivre en communaut\u00e9 et travailler en \u00e9quipe.<\/a><\/h2>\n\n<div class=\"wp-block-post-excerpt\"><p class=\"wp-block-post-excerpt__excerpt\">\u00a0Ici je retiens que l\u2019objectif dans toute vie communautaire est de vivre et pr\u00eacher l\u2019\u00e9vangile avec authenticit\u00e9. La communaut\u00e9 est donc un style de vie qui soutient et nourrit ses membres afin qu\u2019ils puissent vivre pleinement l\u2019amour de Dieu. Pour cela nous devons reconna\u00eetre que c\u2019est une \u0153uvre \u00e0 la fois humaine et Divine qui\u2026 <\/p><\/div><\/div>\n<\/div>\n\n<\/li><li class=\"wp-block-post post-4265 post type-post status-publish format-standard has-post-thumbnail hentry category-blog\">\n\n<div class=\"wp-block-columns alignwide is-layout-flex wp-container-core-columns-is-layout-28f84493 wp-block-columns-is-layout-flex\">\n<div class=\"wp-block-column is-layout-flow wp-block-column-is-layout-flow\" style=\"flex-basis:66.66%\"><figure class=\"wp-block-post-featured-image\"><a href=\"https:\/\/icofprogram.org\/fr\/la-resilience\/\" target=\"_self\"  ><img loading=\"lazy\" decoding=\"async\" width=\"300\" height=\"198\" src=\"https:\/\/icofprogram.org\/wp-content\/uploads\/2021\/08\/unnameda-300x198.jpg\" class=\"attachment-medium size-medium wp-post-image\" alt=\"La R\u00e9silience\" style=\"object-fit:cover;\" srcset=\"https:\/\/icofprogram.org\/wp-content\/uploads\/2021\/08\/unnameda-300x198.jpg 300w, https:\/\/icofprogram.org\/wp-content\/uploads\/2021\/08\/unnameda.jpg 700w\" sizes=\"auto, (max-width: 300px) 100vw, 300px\" \/><\/a><\/figure><\/div>\n\n\n\n<div class=\"wp-block-column is-layout-flow wp-block-column-is-layout-flow\" style=\"flex-basis:33.33%\"><h2 class=\"wp-block-post-title has-medium-font-size\"><a href=\"https:\/\/icofprogram.org\/fr\/la-resilience\/\" target=\"_blank\" >La R\u00e9silience<\/a><\/h2>\n\n<div class=\"wp-block-post-excerpt\"><p class=\"wp-block-post-excerpt__excerpt\">Dans le contexte de la mondialisation, nous missionnaires sommes confront\u00e9s \u00e0 certains d\u00e9fis comme le stress et l\u2019\u00e9puisement professionnel \u00e0 cause des activit\u00e9s et des \u00e9motions fortes qui nous submergent. Ainsi, forger une r\u00e9silience pour faire face \u00e0 ces d\u00e9fis s\u2019av\u00e8re une n\u00e9cessit\u00e9 et m\u00eame une urgence. La r\u00e9silience doit prendre en compte toute les\u2026 <\/p><\/div><\/div>\n<\/div>\n\n<\/li><\/ul>\n\n<nav class=\"aligncenter wp-block-query-pagination is-layout-flex wp-block-query-pagination-is-layout-flex\" aria-label=\"Pagination\">\n\n\n<div class=\"wp-block-query-pagination-numbers\"><span aria-current=\"page\" class=\"page-numbers current\">1<\/span>\n<a class=\"page-numbers\" href=\"?query-47-page=2\">2<\/a>\n<a class=\"page-numbers\" href=\"?query-47-page=3\">3<\/a>\n<span class=\"page-numbers dots\">\u2026<\/span>\n<a class=\"page-numbers\" href=\"?query-47-page=25\">25<\/a><\/div>\n\n<a href=\"\/fr\/wp-json\/wp\/v2\/pages\/6038?query-47-page=2\" class=\"wp-block-query-pagination-next\">Page suivante<\/a>\n<\/nav><\/div>\n<\/div>\n\n\n\n<div class=\"wp-block-column is-layout-flow wp-block-column-is-layout-flow\" style=\"flex-basis:33.33%\">\n<h3 class=\"wp-block-heading\">Cat\u00e9gories<\/h3>\n\n\n<ul class=\"wp-block-categories-list wp-block-categories\">\t<li class=\"cat-item cat-item-8\"><a href=\"https:\/\/icofprogram.org\/fr\/category\/blog\/\">Blog<\/a>\n<\/li>\n\t<li class=\"cat-item cat-item-9\"><a href=\"https:\/\/icofprogram.org\/fr\/category\/icof-renewal-2017\/\">ICOF Renewal 2017<\/a>\n<\/li>\n\t<li class=\"cat-item cat-item-1\"><a href=\"https:\/\/icofprogram.org\/fr\/category\/uncategorized\/\">Uncategorized<\/a>\n<\/li>\n\t<li class=\"cat-item cat-item-11\"><a href=\"https:\/\/icofprogram.org\/fr\/category\/uncategorized-fr\/\">Uncategorized<\/a>\n<\/li>\n<\/ul>\n\n\n<h3 class=\"wp-block-heading\">Articles r\u00e9cents<\/h3>\n\n\n<ul class=\"wp-block-latest-posts__list wp-block-latest-posts\"><li><a class=\"wp-block-latest-posts__post-title\" href=\"https:\/\/icofprogram.org\/fr\/importance-of-ongoing-formation\/\">IMPORTANCE OF ONGOING FORMATION<\/a><\/li>\n<li><a class=\"wp-block-latest-posts__post-title\" href=\"https:\/\/icofprogram.org\/fr\/vivre-en-communaute-et-travailler-en-equipe-4\/\">Vivre en communaut\u00e9 et travailler en \u00e9quipe.<\/a><\/li>\n<li><a class=\"wp-block-latest-posts__post-title\" href=\"https:\/\/icofprogram.org\/fr\/la-resilience\/\">La R\u00e9silience<\/a><\/li>\n<li><a class=\"wp-block-latest-posts__post-title\" href=\"https:\/\/icofprogram.org\/fr\/poeme-renouvellement-conversion-pardon-priere-paix\/\">\u00a0Po\u00e8me: RENOUVELLEMENT\u00a0: Conversion, Pardon, Pri\u00e8re, Paix<\/a><\/li>\n<li><a class=\"wp-block-latest-posts__post-title\" href=\"https:\/\/icofprogram.org\/fr\/gloire-soit-rendu-au-pere-au-fils-et-a-lesprit-saint\/\">Gloire soit rendu au P\u00e8re au Fils et \u00e0 l\u2019Esprit-Saint<\/a><\/li>\n<li><a class=\"wp-block-latest-posts__post-title\" href=\"https:\/\/icofprogram.org\/fr\/transitions-dans-la-vie\/\">Transitions dans  la vie !<\/a><\/li>\n<li><a class=\"wp-block-latest-posts__post-title\" href=\"https:\/\/icofprogram.org\/fr\/que-dire-apres-un-mois-de-formation\/\">Que dire apr\u00e8s un mois de formation\u00a0?<\/a><\/li>\n<li><a class=\"wp-block-latest-posts__post-title\" href=\"https:\/\/icofprogram.org\/fr\/les-reves\/\">Les R\u00eaves<\/a><\/li>\n<li><a class=\"wp-block-latest-posts__post-title\" href=\"https:\/\/icofprogram.org\/fr\/le-pardon-une-folie-liberatrice-2\/\">Le Pardon, une folie lib\u00e9ratrice<\/a><\/li>\n<li><a class=\"wp-block-latest-posts__post-title\" href=\"https:\/\/icofprogram.org\/fr\/notre-slogan-nouveaute-avec-jesus\/\">Notre slogan\u00a0: NOUVEAUTE AVEC JESUS<\/a><\/li>\n<li><a class=\"wp-block-latest-posts__post-title\" href=\"https:\/\/icofprogram.org\/fr\/les-outils-daccompagnement\/\">Les outils d\u2019accompagnement<\/a><\/li>\n<li><a class=\"wp-block-latest-posts__post-title\" href=\"https:\/\/icofprogram.org\/fr\/theorie-u-et-le-discernement-appreciatif\/\">Th\u00e9orie U et le discernement appr\u00e9ciatif<\/a><\/li>\n<li><a class=\"wp-block-latest-posts__post-title\" href=\"https:\/\/icofprogram.org\/fr\/nouveaute-avec-jesus\/\">NOUVEAUTE AVEC JESUS<\/a><\/li>\n<li><a class=\"wp-block-latest-posts__post-title\" href=\"https:\/\/icofprogram.org\/fr\/4114-2\/\">Le programme de renouvellement \u00e0 Abidjan a d\u00e9j\u00e0 commenc\u00e9<\/a><\/li>\n<li><a class=\"wp-block-latest-posts__post-title\" href=\"https:\/\/icofprogram.org\/fr\/reflection-on-the-icof-renewal-program-2020\/\">REFLECTION ON THE ICOF RENEWAL PROGRAM 2020<\/a><\/li>\n<li><a class=\"wp-block-latest-posts__post-title\" href=\"https:\/\/icofprogram.org\/fr\/3395-2\/\">A FRUITFUL AND REFRESHING PROGRAMME<\/a><\/li>\n<li><a class=\"wp-block-latest-posts__post-title\" href=\"https:\/\/icofprogram.org\/fr\/a-golden-chance-of-a-lifetime\/\">A GOLDEN CHANCE OF A LIFETIME<\/a><\/li>\n<li><a class=\"wp-block-latest-posts__post-title\" href=\"https:\/\/icofprogram.org\/fr\/icof-2020-sabbatical-the-song\/\">ICOF 2020 Sabbatical:  The Song<\/a><\/li>\n<li><a class=\"wp-block-latest-posts__post-title\" href=\"https:\/\/icofprogram.org\/fr\/homilie-cloture-de-la-session-de-licof-le-31082019-abidjan\/\">HOMILIE, CLOTURE DE LA SESSION DE L\u2019ICOF 2019 (Abidjan)<\/a><\/li>\n<li><a class=\"wp-block-latest-posts__post-title\" href=\"https:\/\/icofprogram.org\/fr\/la-theorie-u\/\">La Th\u00e9orie U<\/a><\/li>\n<\/ul><\/div>\n<\/div>\n\n\n\n<p><\/p>\n\n\n\n<p><\/p>","protected":false},"excerpt":{"rendered":"<p>Articles Categories Latest articles<\/p>","protected":false},"author":1,"featured_media":0,"parent":0,"menu_order":0,"comment_status":"closed","ping_status":"closed","template":"no-title","meta":{"om_disable_all_campaigns":false,"_monsterinsights_skip_tracking":false,"_monsterinsights_sitenote_active":false,"_monsterinsights_sitenote_note":"","_monsterinsights_sitenote_category":0,"footnotes":""},"class_list":["post-6038","page","type-page","status-publish","hentry"],"aioseo_notices":[],"_links":{"self":[{"href":"https:\/\/icofprogram.org\/fr\/wp-json\/wp\/v2\/pages\/6038","targetHints":{"allow":["GET"]}}],"collection":[{"href":"https:\/\/icofprogram.org\/fr\/wp-json\/wp\/v2\/pages"}],"about":[{"href":"https:\/\/icofprogram.org\/fr\/wp-json\/wp\/v2\/types\/page"}],"author":[{"embeddable":true,"href":"https:\/\/icofprogram.org\/fr\/wp-json\/wp\/v2\/users\/1"}],"replies":[{"embeddable":true,"href":"https:\/\/icofprogram.org\/fr\/wp-json\/wp\/v2\/comments?post=6038"}],"version-history":[{"count":23,"href":"https:\/\/icofprogram.org\/fr\/wp-json\/wp\/v2\/pages\/6038\/revisions"}],"predecessor-version":[{"id":6086,"href":"https:\/\/icofprogram.org\/fr\/wp-json\/wp\/v2\/pages\/6038\/revisions\/6086"}],"wp:attachment":[{"href":"https:\/\/icofprogram.org\/fr\/wp-json\/wp\/v2\/media?parent=6038"}],"curies":[{"name":"wp","href":"https:\/\/api.w.org\/{rel}","templated":true}]}}